{"id":648,"date":"2018-06-12T12:55:15","date_gmt":"2018-06-12T12:55:15","guid":{"rendered":"https:\/\/demo.academiathemes.com\/cityhall-cityhall\/?page_id=648"},"modified":"2024-08-20T08:47:45","modified_gmt":"2024-08-20T06:47:45","slug":"partnerschaftsverein","status":"publish","type":"page","link":"https:\/\/niederhilbersheim.de\/2024\/unsere-vereine-stellen-sich-vor\/partnerschaftsverein\/","title":{"rendered":"Partnerschaftsverein"},"content":{"rendered":"<p>Der Partnerschaftsverein Nieder-Hilbersheim e. V. stellt sich vor Seit 1991, also seit mehr als 30 Jahren pflegen Nieder-Hilbersheim in Rheinhessen und die s\u00fcdfranz\u00f6sische Gemeinde Bouchet (Dr\u00f4me-Proven\u00e7ale) eine lebendige Partnerschaft. Im Jahr 2005 wurde der gemeinn\u00fctzige Partnerschaftsverein Nieder-Hilbersheim e.V. gegr\u00fcndet, um gemeinsame Aktivit\u00e4ten und Begegnungen von B\u00fcrgerinnen und B\u00fcrgern der Gemeinden zu organisieren und \u00fcber die Partnerschaft zu informieren. H\u00f6hepunkt des Partnerschafts-Jahres ist der gegenseitige Besuch: Immer im Wechsel treffen wir uns \u00fcber ein langes Wochenende in Bouchet oder in Nieder-Hilbersheim*. Diese Wochenenden sind voll erlebnisreicher Ausfl\u00fcge und entspannten Abenden mit Leckereien der Regionen und interessanten Gespr\u00e4chen. So entstehen und vertiefen sich Kontakte \u00fcber Grenzen hinweg. Der Partnerschaftsverein ist auch vor Ort in Nieder-Hilbersheim aktiv: Wir spielen Boule, wandern zusammen, besuchen Veranstaltungen und Ausstellungen und backen gemeinsam Cr\u00eapes, die wir gerne auch bei lokalen Festen wie dem Nikolausmarkt anbieten.<\/p>\n","protected":false},"excerpt":{"rendered":"<p>Ansprechpartner:<br \/>\nRegina Karst-Bormann<br \/>\nFriedhofstra\u00dfe 14<br \/>\n55437 Nieder-Hilbersheim<\/p>\n","protected":false},"author":1,"featured_media":885,"parent":608,"menu_order":0,"comment_status":"closed","ping_status":"closed","template":"","meta":{"footnotes":""},"class_list":["post-648","page","type-page","status-publish","has-post-thumbnail","hentry"],"_links":{"self":[{"href":"https:\/\/niederhilbersheim.de\/2024\/wp-json\/wp\/v2\/pages\/648","targetHints":{"allow":["GET"]}}],"collection":[{"href":"https:\/\/niederhilbersheim.de\/2024\/wp-json\/wp\/v2\/pages"}],"about":[{"href":"https:\/\/niederhilbersheim.de\/2024\/wp-json\/wp\/v2\/types\/page"}],"author":[{"embeddable":true,"href":"https:\/\/niederhilbersheim.de\/2024\/wp-json\/wp\/v2\/users\/1"}],"replies":[{"embeddable":true,"href":"https:\/\/niederhilbersheim.de\/2024\/wp-json\/wp\/v2\/comments?post=648"}],"version-history":[{"count":3,"href":"https:\/\/niederhilbersheim.de\/2024\/wp-json\/wp\/v2\/pages\/648\/revisions"}],"predecessor-version":[{"id":905,"href":"https:\/\/niederhilbersheim.de\/2024\/wp-json\/wp\/v2\/pages\/648\/revisions\/905"}],"up":[{"embeddable":true,"href":"https:\/\/niederhilbersheim.de\/2024\/wp-json\/wp\/v2\/pages\/608"}],"wp:featuredmedia":[{"embeddable":true,"href":"https:\/\/niederhilbersheim.de\/2024\/wp-json\/wp\/v2\/media\/885"}],"wp:attachment":[{"href":"https:\/\/niederhilbersheim.de\/2024\/wp-json\/wp\/v2\/media?parent=648"}],"curies":[{"name":"wp","href":"https:\/\/api.w.org\/{rel}","templated":true}]}}