{"id":2,"date":"2024-07-13T17:01:28","date_gmt":"2024-07-13T17:01:28","guid":{"rendered":"http:\/\/niederhilbersheim.de\/2024\/?page_id=2"},"modified":"2024-08-20T08:46:09","modified_gmt":"2024-08-20T06:46:09","slug":"startseite","status":"publish","type":"page","link":"https:\/\/niederhilbersheim.de\/2024\/startseite\/","title":{"rendered":"Startseite"},"content":{"rendered":"\n<h2 class=\"wp-block-heading\">Sehr geehrte Besucher\/-in, liebe G\u00e4ste<\/h2>\n\n\n\n<p>Wir freuen uns , dass Sie sich f\u00fcr die liebens- und lebenswerten Gemeinde Nieder-Hilbersheim interessieren und m\u00f6chten Sie zum Verweilen auf unseren Informationsseiten einladen. Lassen Sie sich \u00fcberraschen, mit welchen Angeboten unsere kleine Dorfgemeinschaft in den unterschiedlichsten Bereichen aufwarten kann. Der Ort liegt mitten im Herzen des Welzbachtales, umgeben von bewaldeter H\u00fcgellandschaft, Wein- und Ostbest\u00e4nden. Sie ist mit 640 Einwohnern die kleinste Gemeinde in der Verbandsgemeinde Gau-Algesheim. Durch die Ausweisung von Baugebieten und der Ansiedlung von Dienstleistungsgewerbe entwickelt sich die Gemeinde kontinuierlich weiter. Landwirtschaftlich gepr\u00e4gt, werden neben erlesenen Wei\u00df- und Rotweinen auch Obst und Spargel angebaut. \u00dcber die Grenzen bekannt ist zwischenzeitlich der Bauern- und Handwerkermarkt im Ortskern, bei dem \u00fcber 70 Aussteller ihre traditionellen Waren feilbieten. Weitere H\u00f6hepunkte des gesellschaftlichen Lebens sind die Kerbetage und die f\u00fcnf Fastnachtssitzungen.Vieles vom aktiven Dorfgeschehen k\u00f6nnen Sie auf den Seiten unserer Pr\u00e4sentation genauso nachlesen, wie Informationen \u00fcber unseren Ort, unsere Vereine, unser Gewerbe, unsere Dienstleister oder die Verwaltung.Wir bem\u00fchen uns die rheinhessische Lebensfreude einerseits und andererseits die Gesch\u00e4ftst\u00fcchtigkeit unseres Handels, der Winzer und Landwirtschaft und der Gastronomie zu vermitteln.Wir hoffen dass Sie auf unseren Seiten die gew\u00fcnschten Informationen erhalten und w\u00fcrden uns freuen Sie auch einmal bei einem unserer vielen Aktionen und Veranstaltungen begr\u00fc\u00dfen zu k\u00f6nnen.<\/p>\n\n\n\n<p>Viele Gr\u00fc\u00dfe aus Rheinhessen<\/p>\n","protected":false},"excerpt":{"rendered":"<p>Sehr geehrte Besucher\/-in, liebe G\u00e4ste Wir freuen uns , dass Sie sich f\u00fcr die liebens- und lebenswerten Gemeinde Nieder-Hilbersheim interessieren und m\u00f6chten Sie zum Verweilen auf unseren Informationsseiten einladen. Lassen&hellip;<\/p>\n","protected":false},"author":1,"featured_media":0,"parent":0,"menu_order":0,"comment_status":"closed","ping_status":"open","template":"","meta":{"footnotes":""},"class_list":["post-2","page","type-page","status-publish","hentry"],"_links":{"self":[{"href":"https:\/\/niederhilbersheim.de\/2024\/wp-json\/wp\/v2\/pages\/2","targetHints":{"allow":["GET"]}}],"collection":[{"href":"https:\/\/niederhilbersheim.de\/2024\/wp-json\/wp\/v2\/pages"}],"about":[{"href":"https:\/\/niederhilbersheim.de\/2024\/wp-json\/wp\/v2\/types\/page"}],"author":[{"embeddable":true,"href":"https:\/\/niederhilbersheim.de\/2024\/wp-json\/wp\/v2\/users\/1"}],"replies":[{"embeddable":true,"href":"https:\/\/niederhilbersheim.de\/2024\/wp-json\/wp\/v2\/comments?post=2"}],"version-history":[{"count":2,"href":"https:\/\/niederhilbersheim.de\/2024\/wp-json\/wp\/v2\/pages\/2\/revisions"}],"predecessor-version":[{"id":24,"href":"https:\/\/niederhilbersheim.de\/2024\/wp-json\/wp\/v2\/pages\/2\/revisions\/24"}],"wp:attachment":[{"href":"https:\/\/niederhilbersheim.de\/2024\/wp-json\/wp\/v2\/media?parent=2"}],"curies":[{"name":"wp","href":"https:\/\/api.w.org\/{rel}","templated":true}]}}