{"id":1336,"date":"2025-11-25T23:11:59","date_gmt":"2025-11-25T22:11:59","guid":{"rendered":"https:\/\/niederhilbersheim.de\/2024\/?page_id=1336"},"modified":"2025-11-30T10:58:46","modified_gmt":"2025-11-30T09:58:46","slug":"kleingartenverein","status":"publish","type":"page","link":"http:\/\/niederhilbersheim.de\/2024\/unsere-vereine-stellen-sich-vor\/kleingartenverein\/","title":{"rendered":"Kleingartenverein"},"content":{"rendered":"\n<p class=\"has-medium-font-size\"><strong>&#8222;Gartenfreunde Nieder-Hilbersheim e.V&#8220;<\/strong><\/p>\n\n\n\n<p class=\"has-black-color has-text-color has-link-color wp-elements-4ee9c97b3bef761597ae917e3a337034\">Unser Verein z\u00e4hlt rund 70 Mitglieder \u2013 nicht alle mit eigenem Garten, aber alle mit Lust auf Natur, Gemeinschaft und gute Laune. Die meisten G\u00e4rten liegen idyllisch am Welzbach, gepflegt mit Herzblut und einer gro\u00dfen Portion Gelassenheit.<\/p>\n\n\n\n<p>Was uns besonders macht? Eine lockere Atmosph\u00e4re, in der niemand muss, aber jeder kann. Ob Fr\u00fchlingsfest mit Stockbrot, gem\u00fctliches Grillen, im Winter Weihnachtsessen und Gl\u00fchwein oder im Sommer unser gro\u00dfes Sommerfest \u2013 bei uns geht\u2019s um Gemeinschaft.<\/p>\n\n\n\n<p class=\"has-black-color has-text-color has-link-color wp-elements-24fb687317c3182ab6e74879aedbafde\">Kurz gesagt: G\u00e4rtnern, genie\u00dfen, gemeinsam sein \u2013 das ist unser Verein.<\/p>\n\n\n\n<p><strong>Mitglied werden:<\/strong><\/p>\n\n\n\n<p>Du brauchst keinen eigenen Garten, um bei uns mitzumachen!<br>Ob du selbst gerne pflanzt oder einfach nur Teil unserer lebendigen Gemeinschaft sein m\u00f6chtest \u2013 bei uns ist jeder willkommen.Wenn du Interesse an einer Parzelle hast, kannst du gerne nachfragen \u2013 hin und wieder wird ein Garten am Welzbach neu vergeben. <em>Wie du Mitglied wirst?<br><\/em>Sprich uns einfach an \u2013 bei einem unserer Feste, bei einem Besuch auf dem Vereinsgel\u00e4nde oder direkt beim Vorstand. Wir sind oft in den G\u00e4rten unterwegs und freuen uns immer \u00fcber neue Gesichter.Mach mit \u2013 f\u00fcr mehr Gemeinschaft, Natur und sch\u00f6ne Momente im Gr\u00fcnen!<\/p>\n\n\n\n<p><strong>Kontakt:<\/strong><\/p>\n\n\n\n<p>1.Vorsitzender: Klaus Kuttler<br>Mobil: 0160 4407781<br>E-Mail: nicole-kuttler@t-online.de<\/p>\n\n\n\n<p><strong>Geschichte des Vereins:<\/strong><\/p>\n\n\n\n<p><strong><u>Geschichte des Gartenvereins<br><\/u><\/strong>Im Jahr 1986 wurde unser Verein aus gemeinsamer Leidenschaft und Zusammenhalt ins Leben gerufen.<br>Was mit einer Idee begann, ist heute eine lebendige Gemeinschaft \u2013 und das allj\u00e4hrliche Sommerfest am dritten Juniwochenende ist seit jeher ein fester Bestandteil unserer Vereinsgeschichte.<br>In den vergangenen Jahrzehnten ist unser Verein stetig gewachsen.<br>Neue Mitglieder kamen hinzu, das Vereinsleben wurde vielf\u00e4ltiger, und auch unsere Ausstattung konnte durch gemeinschaftliches Engagement stetig verbessert werden.<br>Ein besonderer Meilenstein war das Jahr 2005, in dem wir erstmals mehr als 50 Mitglieder z\u00e4hlen durften.So wie sich die Zeiten \u00e4ndern, ver\u00e4ndern sich auch die Menschen im Verein:<br>Manche langj\u00e4hrige Wegbegleiter verabschieden sich in den wohlverdienten Ruhestand, w\u00e4hrend junge, engagierte Mitglieder mit frischem Wind und neuen Ideen nachr\u00fccken.<br>Es erf\u00fcllt uns mit Freude und Stolz, dass unser Verein \u00fcber all die Jahre lebendig geblieben ist \u2013 dank des Mitwirkens vieler H\u00e4nde und Herzen.<\/p>\n","protected":false},"excerpt":{"rendered":"<p>1. Vorsitzender Klaus Kuttler<br \/>\nHaspelgasse 8, 55437 Nieder-Hilbersheim<\/p>\n","protected":false},"author":1,"featured_media":1337,"parent":608,"menu_order":0,"comment_status":"closed","ping_status":"closed","template":"","meta":{"footnotes":""},"class_list":["post-1336","page","type-page","status-publish","has-post-thumbnail","hentry"],"_links":{"self":[{"href":"http:\/\/niederhilbersheim.de\/2024\/wp-json\/wp\/v2\/pages\/1336","targetHints":{"allow":["GET"]}}],"collection":[{"href":"http:\/\/niederhilbersheim.de\/2024\/wp-json\/wp\/v2\/pages"}],"about":[{"href":"http:\/\/niederhilbersheim.de\/2024\/wp-json\/wp\/v2\/types\/page"}],"author":[{"embeddable":true,"href":"http:\/\/niederhilbersheim.de\/2024\/wp-json\/wp\/v2\/users\/1"}],"replies":[{"embeddable":true,"href":"http:\/\/niederhilbersheim.de\/2024\/wp-json\/wp\/v2\/comments?post=1336"}],"version-history":[{"count":6,"href":"http:\/\/niederhilbersheim.de\/2024\/wp-json\/wp\/v2\/pages\/1336\/revisions"}],"predecessor-version":[{"id":1346,"href":"http:\/\/niederhilbersheim.de\/2024\/wp-json\/wp\/v2\/pages\/1336\/revisions\/1346"}],"up":[{"embeddable":true,"href":"http:\/\/niederhilbersheim.de\/2024\/wp-json\/wp\/v2\/pages\/608"}],"wp:featuredmedia":[{"embeddable":true,"href":"http:\/\/niederhilbersheim.de\/2024\/wp-json\/wp\/v2\/media\/1337"}],"wp:attachment":[{"href":"http:\/\/niederhilbersheim.de\/2024\/wp-json\/wp\/v2\/media?parent=1336"}],"curies":[{"name":"wp","href":"https:\/\/api.w.org\/{rel}","templated":true}]}}